{"id":4350,"date":"2022-03-11T15:23:45","date_gmt":"2022-03-11T15:23:45","guid":{"rendered":"https:\/\/marianavasconcelos.pt\/?post_type=product&#038;p=4350"},"modified":"2024-03-24T14:32:36","modified_gmt":"2024-03-24T14:32:36","slug":"","status":"publish","type":"product","link":"https:\/\/marianavasconcelos.pt\/en\/product\/colar-redondo-com-borboletas-e-lapis-lazuli\/","title":{"rendered":"","raw":""},"content":{"rendered":"","protected":false,"raw":""},"excerpt":{"rendered":"Todas as pe\u00e7as que se encontram fora de stock demoram cerca de 5 a 15 dias \u00fateis a ser entregues.","protected":false,"raw":""},"featured_media":4842,"comment_status":"closed","ping_status":"closed","template":"","meta":{"_acf_changed":false,"_es_post_content":"","_es_post_name":"","_es_post_excerpt":"","_es_post_title":"","_pt_post_content":"<h5 style=\"text-align: center;\">Todas as pe\u00e7as que se encontram fora de stock demoram cerca de 5 a 15 dias \u00fateis a ser entregues.<\/h5>","_pt_post_name":"colar-redondo-com-borboletas-e-lapis-lazuli","_pt_post_excerpt":"","_pt_post_title":"Colar redondo com borboletas e l\u00e1pis l\u00e1zuli","_en_post_content":"","_en_post_name":"","_en_post_excerpt":"","_en_post_title":"","edit_language":"en"},"product_cat":[126,121],"product_tag":[],"acf":[],"yoast_head":"<!-- This site is optimized with the Yoast SEO plugin v23.5 - https:\/\/yoast.com\/wordpress\/plugins\/seo\/ -->\n<title>Colar redondo com borboletas e l\u00e1pis l\u00e1zuli - Mariana Vasconcelos Jewellery<\/title>\n<meta name=\"robots\" content=\"index, follow, max-snippet:-1, max-image-preview:large, max-video-preview:-1\" \/>\n<link rel=\"canonical\" href=\"https:\/\/marianavasconcelos.pt\/product\/colar-redondo-com-borboletas-e-lapis-lazuli\/\" \/>\n<meta property=\"og:locale\" content=\"en_GB\" \/>\n<meta property=\"og:type\" content=\"article\" \/>\n<meta property=\"og:title\" content=\"Colar redondo com borboletas e l\u00e1pis l\u00e1zuli - Mariana Vasconcelos Jewellery\" \/>\n<meta property=\"og:description\" content=\"Todas as pe\u00e7as que se encontram fora de stock demoram cerca de 5 a 15 dias \u00fateis a ser entregues.\" \/>\n<meta property=\"og:url\" content=\"https:\/\/marianavasconcelos.pt\/product\/colar-redondo-com-borboletas-e-lapis-lazuli\/\" \/>\n<meta property=\"og:site_name\" content=\"Mariana Vasconcelos Jewellery\" \/>\n<meta property=\"article:publisher\" content=\"https:\/\/www.facebook.com\/marianavasconcelosjoalharia\/\" \/>\n<meta property=\"article:modified_time\" content=\"2024-03-24T14:32:36+00:00\" \/>\n<meta property=\"og:image\" content=\"https:\/\/marianavasconcelos.pt\/wp-content\/uploads\/2022\/03\/colar-borboletas-e-lapis-lazuli.jpg\" \/>\n\t<meta property=\"og:image:width\" content=\"600\" \/>\n\t<meta property=\"og:image:height\" content=\"767\" \/>\n\t<meta property=\"og:image:type\" content=\"image\/jpeg\" \/>\n<meta name=\"twitter:card\" content=\"summary_large_image\" \/>\n<meta name=\"twitter:label1\" content=\"Estimated reading time\" \/>\n\t<meta name=\"twitter:data1\" content=\"1 minute\" \/>\n<script type=\"application\/ld+json\" class=\"yoast-schema-graph\">{\"@context\":\"https:\/\/schema.org\",\"@graph\":[{\"@type\":\"WebPage\",\"@id\":\"https:\/\/marianavasconcelos.pt\/product\/colar-redondo-com-borboletas-e-lapis-lazuli\/\",\"url\":\"https:\/\/marianavasconcelos.pt\/product\/colar-redondo-com-borboletas-e-lapis-lazuli\/\",\"name\":\"Colar redondo com borboletas e l\u00e1pis l\u00e1zuli - Mariana Vasconcelos Jewellery\",\"isPartOf\":{\"@id\":\"https:\/\/marianavasconcelos.pt\/#website\"},\"primaryImageOfPage\":{\"@id\":\"https:\/\/marianavasconcelos.pt\/product\/colar-redondo-com-borboletas-e-lapis-lazuli\/#primaryimage\"},\"image\":{\"@id\":\"https:\/\/marianavasconcelos.pt\/product\/colar-redondo-com-borboletas-e-lapis-lazuli\/#primaryimage\"},\"thumbnailUrl\":\"https:\/\/marianavasconcelos.pt\/wp-content\/uploads\/2022\/03\/colar-borboletas-e-lapis-lazuli.jpg\",\"datePublished\":\"2022-03-11T15:23:45+00:00\",\"dateModified\":\"2024-03-24T14:32:36+00:00\",\"breadcrumb\":{\"@id\":\"https:\/\/marianavasconcelos.pt\/product\/colar-redondo-com-borboletas-e-lapis-lazuli\/#breadcrumb\"},\"inLanguage\":\"en-GB\",\"potentialAction\":[{\"@type\":\"ReadAction\",\"target\":[\"https:\/\/marianavasconcelos.pt\/product\/colar-redondo-com-borboletas-e-lapis-lazuli\/\"]}]},{\"@type\":\"ImageObject\",\"inLanguage\":\"en-GB\",\"@id\":\"https:\/\/marianavasconcelos.pt\/product\/colar-redondo-com-borboletas-e-lapis-lazuli\/#primaryimage\",\"url\":\"https:\/\/marianavasconcelos.pt\/wp-content\/uploads\/2022\/03\/colar-borboletas-e-lapis-lazuli.jpg\",\"contentUrl\":\"https:\/\/marianavasconcelos.pt\/wp-content\/uploads\/2022\/03\/colar-borboletas-e-lapis-lazuli.jpg\",\"width\":600,\"height\":767},{\"@type\":\"BreadcrumbList\",\"@id\":\"https:\/\/marianavasconcelos.pt\/product\/colar-redondo-com-borboletas-e-lapis-lazuli\/#breadcrumb\",\"itemListElement\":[{\"@type\":\"ListItem\",\"position\":1,\"name\":\"In\u00edcio\",\"item\":\"https:\/\/marianavasconcelos.pt\/\"},{\"@type\":\"ListItem\",\"position\":2,\"name\":\"Shop\",\"item\":\"https:\/\/marianavasconcelos.pt\/product\/\"},{\"@type\":\"ListItem\",\"position\":3,\"name\":\"Colar redondo com borboletas e l\u00e1pis l\u00e1zuli\"}]},{\"@type\":\"WebSite\",\"@id\":\"https:\/\/marianavasconcelos.pt\/#website\",\"url\":\"https:\/\/marianavasconcelos.pt\/\",\"name\":\"Mariana Vasconcelos Jewellery\",\"description\":\"J\u00f3ias com Alma\",\"publisher\":{\"@id\":\"https:\/\/marianavasconcelos.pt\/#organization\"},\"potentialAction\":[{\"@type\":\"SearchAction\",\"target\":{\"@type\":\"EntryPoint\",\"urlTemplate\":\"https:\/\/marianavasconcelos.pt\/?s={search_term_string}\"},\"query-input\":{\"@type\":\"PropertyValueSpecification\",\"valueRequired\":true,\"valueName\":\"search_term_string\"}}],\"inLanguage\":\"en-GB\"},{\"@type\":\"Organization\",\"@id\":\"https:\/\/marianavasconcelos.pt\/#organization\",\"name\":\"Mariana Vasconcelos Jewellery\",\"url\":\"https:\/\/marianavasconcelos.pt\/\",\"logo\":{\"@type\":\"ImageObject\",\"inLanguage\":\"en-GB\",\"@id\":\"https:\/\/marianavasconcelos.pt\/#\/schema\/logo\/image\/\",\"url\":\"https:\/\/marianavasconcelos.pt\/wp-content\/uploads\/2022\/09\/mvj.png\",\"contentUrl\":\"https:\/\/marianavasconcelos.pt\/wp-content\/uploads\/2022\/09\/mvj.png\",\"width\":225,\"height\":225,\"caption\":\"Mariana Vasconcelos Jewellery\"},\"image\":{\"@id\":\"https:\/\/marianavasconcelos.pt\/#\/schema\/logo\/image\/\"},\"sameAs\":[\"https:\/\/www.facebook.com\/marianavasconcelosjoalharia\/\",\"https:\/\/www.instagram.com\/marianavasconcelosjoalharia\/\"]}]}<\/script>\n<!-- \/ Yoast SEO plugin. -->","yoast_head_json":{"title":"Colar redondo com borboletas e l\u00e1pis l\u00e1zuli - Mariana Vasconcelos Jewellery","robots":{"index":"index","follow":"follow","max-snippet":"max-snippet:-1","max-image-preview":"max-image-preview:large","max-video-preview":"max-video-preview:-1"},"canonical":"https:\/\/marianavasconcelos.pt\/product\/colar-redondo-com-borboletas-e-lapis-lazuli\/","og_locale":"en_GB","og_type":"article","og_title":"Colar redondo com borboletas e l\u00e1pis l\u00e1zuli - Mariana Vasconcelos Jewellery","og_description":"Todas as pe\u00e7as que se encontram fora de stock demoram cerca de 5 a 15 dias \u00fateis a ser entregues.","og_url":"https:\/\/marianavasconcelos.pt\/product\/colar-redondo-com-borboletas-e-lapis-lazuli\/","og_site_name":"Mariana Vasconcelos Jewellery","article_publisher":"https:\/\/www.facebook.com\/marianavasconcelosjoalharia\/","article_modified_time":"2024-03-24T14:32:36+00:00","og_image":[{"width":600,"height":767,"url":"https:\/\/marianavasconcelos.pt\/wp-content\/uploads\/2022\/03\/colar-borboletas-e-lapis-lazuli.jpg","type":"image\/jpeg"}],"twitter_card":"summary_large_image","twitter_misc":{"Estimated reading time":"1 minute"},"schema":{"@context":"https:\/\/schema.org","@graph":[{"@type":"WebPage","@id":"https:\/\/marianavasconcelos.pt\/product\/colar-redondo-com-borboletas-e-lapis-lazuli\/","url":"https:\/\/marianavasconcelos.pt\/product\/colar-redondo-com-borboletas-e-lapis-lazuli\/","name":"Colar redondo com borboletas e l\u00e1pis l\u00e1zuli - Mariana Vasconcelos Jewellery","isPartOf":{"@id":"https:\/\/marianavasconcelos.pt\/#website"},"primaryImageOfPage":{"@id":"https:\/\/marianavasconcelos.pt\/product\/colar-redondo-com-borboletas-e-lapis-lazuli\/#primaryimage"},"image":{"@id":"https:\/\/marianavasconcelos.pt\/product\/colar-redondo-com-borboletas-e-lapis-lazuli\/#primaryimage"},"thumbnailUrl":"https:\/\/marianavasconcelos.pt\/wp-content\/uploads\/2022\/03\/colar-borboletas-e-lapis-lazuli.jpg","datePublished":"2022-03-11T15:23:45+00:00","dateModified":"2024-03-24T14:32:36+00:00","breadcrumb":{"@id":"https:\/\/marianavasconcelos.pt\/product\/colar-redondo-com-borboletas-e-lapis-lazuli\/#breadcrumb"},"inLanguage":"en-GB","potentialAction":[{"@type":"ReadAction","target":["https:\/\/marianavasconcelos.pt\/product\/colar-redondo-com-borboletas-e-lapis-lazuli\/"]}]},{"@type":"ImageObject","inLanguage":"en-GB","@id":"https:\/\/marianavasconcelos.pt\/product\/colar-redondo-com-borboletas-e-lapis-lazuli\/#primaryimage","url":"https:\/\/marianavasconcelos.pt\/wp-content\/uploads\/2022\/03\/colar-borboletas-e-lapis-lazuli.jpg","contentUrl":"https:\/\/marianavasconcelos.pt\/wp-content\/uploads\/2022\/03\/colar-borboletas-e-lapis-lazuli.jpg","width":600,"height":767},{"@type":"BreadcrumbList","@id":"https:\/\/marianavasconcelos.pt\/product\/colar-redondo-com-borboletas-e-lapis-lazuli\/#breadcrumb","itemListElement":[{"@type":"ListItem","position":1,"name":"In\u00edcio","item":"https:\/\/marianavasconcelos.pt\/"},{"@type":"ListItem","position":2,"name":"Shop","item":"https:\/\/marianavasconcelos.pt\/product\/"},{"@type":"ListItem","position":3,"name":"Colar redondo com borboletas e l\u00e1pis l\u00e1zuli"}]},{"@type":"WebSite","@id":"https:\/\/marianavasconcelos.pt\/#website","url":"https:\/\/marianavasconcelos.pt\/","name":"Mariana Vasconcelos Jewellery","description":"J\u00f3ias com Alma","publisher":{"@id":"https:\/\/marianavasconcelos.pt\/#organization"},"potentialAction":[{"@type":"SearchAction","target":{"@type":"EntryPoint","urlTemplate":"https:\/\/marianavasconcelos.pt\/?s={search_term_string}"},"query-input":{"@type":"PropertyValueSpecification","valueRequired":true,"valueName":"search_term_string"}}],"inLanguage":"en-GB"},{"@type":"Organization","@id":"https:\/\/marianavasconcelos.pt\/#organization","name":"Mariana Vasconcelos Jewellery","url":"https:\/\/marianavasconcelos.pt\/","logo":{"@type":"ImageObject","inLanguage":"en-GB","@id":"https:\/\/marianavasconcelos.pt\/#\/schema\/logo\/image\/","url":"https:\/\/marianavasconcelos.pt\/wp-content\/uploads\/2022\/09\/mvj.png","contentUrl":"https:\/\/marianavasconcelos.pt\/wp-content\/uploads\/2022\/09\/mvj.png","width":225,"height":225,"caption":"Mariana Vasconcelos Jewellery"},"image":{"@id":"https:\/\/marianavasconcelos.pt\/#\/schema\/logo\/image\/"},"sameAs":["https:\/\/www.facebook.com\/marianavasconcelosjoalharia\/","https:\/\/www.instagram.com\/marianavasconcelosjoalharia\/"]}]}},"_links":{"self":[{"href":"https:\/\/marianavasconcelos.pt\/en\/wp-json\/wp\/v2\/product\/4350"}],"collection":[{"href":"https:\/\/marianavasconcelos.pt\/en\/wp-json\/wp\/v2\/product"}],"about":[{"href":"https:\/\/marianavasconcelos.pt\/en\/wp-json\/wp\/v2\/types\/product"}],"replies":[{"embeddable":true,"href":"https:\/\/marianavasconcelos.pt\/en\/wp-json\/wp\/v2\/comments?post=4350"}],"wp:featuredmedia":[{"embeddable":true,"href":"https:\/\/marianavasconcelos.pt\/en\/wp-json\/wp\/v2\/media\/4842"}],"wp:attachment":[{"href":"https:\/\/marianavasconcelos.pt\/en\/wp-json\/wp\/v2\/media?parent=4350"}],"wp:term":[{"taxonomy":"product_cat","embeddable":true,"href":"https:\/\/marianavasconcelos.pt\/en\/wp-json\/wp\/v2\/product_cat?post=4350"},{"taxonomy":"product_tag","embeddable":true,"href":"https:\/\/marianavasconcelos.pt\/en\/wp-json\/wp\/v2\/product_tag?post=4350"}],"curies":[{"name":"wp","href":"https:\/\/api.w.org\/{rel}","templated":true}]}}