{"id":3853,"date":"2021-04-03T22:48:00","date_gmt":"2021-04-03T22:48:00","guid":{"rendered":"https:\/\/marianavasconcelos.pt\/?post_type=product&#038;p=3853"},"modified":"2023-02-15T22:58:31","modified_gmt":"2023-02-15T22:58:31","slug":"","status":"publish","type":"product","link":"https:\/\/marianavasconcelos.pt\/es\/product\/colar-hamsa-filigrana\/","title":{"rendered":"","raw":""},"content":{"rendered":"","protected":false,"raw":""},"excerpt":{"rendered":"Todas as pe\u00e7as que se encontram fora de stock demoram cerca de 5 a 15 dias \u00fateis a ser entregues.","protected":false,"raw":""},"featured_media":3856,"comment_status":"closed","ping_status":"closed","template":"","meta":{"_acf_changed":false,"_es_post_content":"","_es_post_name":"","_es_post_excerpt":"","_es_post_title":"","_pt_post_content":"<h5 style=\"text-align: center;\">Todas as pe\u00e7as que se encontram fora de stock demoram cerca de 5 a 15 dias \u00fateis a ser entregues.<\/h5>","_pt_post_name":"colar-hamsa-filigrana","_pt_post_excerpt":"","_pt_post_title":"Colar Hams\u00e1 filigrana","_en_post_content":"","_en_post_name":"","_en_post_excerpt":"","_en_post_title":"","edit_language":"es"},"product_cat":[125,247,246],"product_tag":[],"acf":[],"yoast_head":"<!-- This site is optimized with the Yoast SEO plugin v23.5 - https:\/\/yoast.com\/wordpress\/plugins\/seo\/ -->\n<title>Colar Hams\u00e1 filigrana - Mariana Vasconcelos Jewellery<\/title>\n<meta name=\"robots\" content=\"index, follow, max-snippet:-1, max-image-preview:large, max-video-preview:-1\" \/>\n<link rel=\"canonical\" href=\"https:\/\/marianavasconcelos.pt\/product\/colar-hamsa-filigrana\/\" \/>\n<meta property=\"og:locale\" content=\"es_ES\" \/>\n<meta property=\"og:type\" content=\"article\" \/>\n<meta property=\"og:title\" content=\"Colar Hams\u00e1 filigrana - Mariana Vasconcelos Jewellery\" \/>\n<meta property=\"og:description\" content=\"Todas as pe\u00e7as que se encontram fora de stock demoram cerca de 5 a 15 dias \u00fateis a ser entregues.\" \/>\n<meta property=\"og:url\" content=\"https:\/\/marianavasconcelos.pt\/product\/colar-hamsa-filigrana\/\" \/>\n<meta property=\"og:site_name\" content=\"Mariana Vasconcelos Jewellery\" \/>\n<meta property=\"article:publisher\" content=\"https:\/\/www.facebook.com\/marianavasconcelosjoalharia\/\" \/>\n<meta property=\"article:modified_time\" content=\"2023-02-15T22:58:31+00:00\" \/>\n<meta property=\"og:image\" content=\"https:\/\/marianavasconcelos.pt\/wp-content\/uploads\/2021\/04\/colar-hamsa-corrente-diferente.jpg\" \/>\n\t<meta property=\"og:image:width\" content=\"600\" \/>\n\t<meta property=\"og:image:height\" content=\"767\" \/>\n\t<meta property=\"og:image:type\" content=\"image\/jpeg\" \/>\n<meta name=\"twitter:card\" content=\"summary_large_image\" \/>\n<meta name=\"twitter:label1\" content=\"Tiempo de lectura\" \/>\n\t<meta name=\"twitter:data1\" content=\"1 minute\" \/>\n<script type=\"application\/ld+json\" class=\"yoast-schema-graph\">{\"@context\":\"https:\/\/schema.org\",\"@graph\":[{\"@type\":\"WebPage\",\"@id\":\"https:\/\/marianavasconcelos.pt\/product\/colar-hamsa-filigrana\/\",\"url\":\"https:\/\/marianavasconcelos.pt\/product\/colar-hamsa-filigrana\/\",\"name\":\"Colar Hams\u00e1 filigrana - Mariana Vasconcelos Jewellery\",\"isPartOf\":{\"@id\":\"https:\/\/marianavasconcelos.pt\/#website\"},\"primaryImageOfPage\":{\"@id\":\"https:\/\/marianavasconcelos.pt\/product\/colar-hamsa-filigrana\/#primaryimage\"},\"image\":{\"@id\":\"https:\/\/marianavasconcelos.pt\/product\/colar-hamsa-filigrana\/#primaryimage\"},\"thumbnailUrl\":\"https:\/\/marianavasconcelos.pt\/wp-content\/uploads\/2021\/04\/colar-hamsa-corrente-diferente.jpg\",\"datePublished\":\"2021-04-03T22:48:00+00:00\",\"dateModified\":\"2023-02-15T22:58:31+00:00\",\"breadcrumb\":{\"@id\":\"https:\/\/marianavasconcelos.pt\/product\/colar-hamsa-filigrana\/#breadcrumb\"},\"inLanguage\":\"es-ES\",\"potentialAction\":[{\"@type\":\"ReadAction\",\"target\":[\"https:\/\/marianavasconcelos.pt\/product\/colar-hamsa-filigrana\/\"]}]},{\"@type\":\"ImageObject\",\"inLanguage\":\"es-ES\",\"@id\":\"https:\/\/marianavasconcelos.pt\/product\/colar-hamsa-filigrana\/#primaryimage\",\"url\":\"https:\/\/marianavasconcelos.pt\/wp-content\/uploads\/2021\/04\/colar-hamsa-corrente-diferente.jpg\",\"contentUrl\":\"https:\/\/marianavasconcelos.pt\/wp-content\/uploads\/2021\/04\/colar-hamsa-corrente-diferente.jpg\",\"width\":600,\"height\":767},{\"@type\":\"BreadcrumbList\",\"@id\":\"https:\/\/marianavasconcelos.pt\/product\/colar-hamsa-filigrana\/#breadcrumb\",\"itemListElement\":[{\"@type\":\"ListItem\",\"position\":1,\"name\":\"In\u00edcio\",\"item\":\"https:\/\/marianavasconcelos.pt\/\"},{\"@type\":\"ListItem\",\"position\":2,\"name\":\"Shop\",\"item\":\"https:\/\/marianavasconcelos.pt\/product\/\"},{\"@type\":\"ListItem\",\"position\":3,\"name\":\"Colar Hams\u00e1 filigrana\"}]},{\"@type\":\"WebSite\",\"@id\":\"https:\/\/marianavasconcelos.pt\/#website\",\"url\":\"https:\/\/marianavasconcelos.pt\/\",\"name\":\"Mariana Vasconcelos Jewellery\",\"description\":\"J\u00f3ias com Alma\",\"publisher\":{\"@id\":\"https:\/\/marianavasconcelos.pt\/#organization\"},\"potentialAction\":[{\"@type\":\"SearchAction\",\"target\":{\"@type\":\"EntryPoint\",\"urlTemplate\":\"https:\/\/marianavasconcelos.pt\/?s={search_term_string}\"},\"query-input\":{\"@type\":\"PropertyValueSpecification\",\"valueRequired\":true,\"valueName\":\"search_term_string\"}}],\"inLanguage\":\"es-ES\"},{\"@type\":\"Organization\",\"@id\":\"https:\/\/marianavasconcelos.pt\/#organization\",\"name\":\"Mariana Vasconcelos Jewellery\",\"url\":\"https:\/\/marianavasconcelos.pt\/\",\"logo\":{\"@type\":\"ImageObject\",\"inLanguage\":\"es-ES\",\"@id\":\"https:\/\/marianavasconcelos.pt\/#\/schema\/logo\/image\/\",\"url\":\"https:\/\/marianavasconcelos.pt\/wp-content\/uploads\/2022\/09\/mvj.png\",\"contentUrl\":\"https:\/\/marianavasconcelos.pt\/wp-content\/uploads\/2022\/09\/mvj.png\",\"width\":225,\"height\":225,\"caption\":\"Mariana Vasconcelos Jewellery\"},\"image\":{\"@id\":\"https:\/\/marianavasconcelos.pt\/#\/schema\/logo\/image\/\"},\"sameAs\":[\"https:\/\/www.facebook.com\/marianavasconcelosjoalharia\/\",\"https:\/\/www.instagram.com\/marianavasconcelosjoalharia\/\"]}]}<\/script>\n<!-- \/ Yoast SEO plugin. -->","yoast_head_json":{"title":"Colar Hams\u00e1 filigrana - Mariana Vasconcelos Jewellery","robots":{"index":"index","follow":"follow","max-snippet":"max-snippet:-1","max-image-preview":"max-image-preview:large","max-video-preview":"max-video-preview:-1"},"canonical":"https:\/\/marianavasconcelos.pt\/product\/colar-hamsa-filigrana\/","og_locale":"es_ES","og_type":"article","og_title":"Colar Hams\u00e1 filigrana - Mariana Vasconcelos Jewellery","og_description":"Todas as pe\u00e7as que se encontram fora de stock demoram cerca de 5 a 15 dias \u00fateis a ser entregues.","og_url":"https:\/\/marianavasconcelos.pt\/product\/colar-hamsa-filigrana\/","og_site_name":"Mariana Vasconcelos Jewellery","article_publisher":"https:\/\/www.facebook.com\/marianavasconcelosjoalharia\/","article_modified_time":"2023-02-15T22:58:31+00:00","og_image":[{"width":600,"height":767,"url":"https:\/\/marianavasconcelos.pt\/wp-content\/uploads\/2021\/04\/colar-hamsa-corrente-diferente.jpg","type":"image\/jpeg"}],"twitter_card":"summary_large_image","twitter_misc":{"Tiempo de lectura":"1 minute"},"schema":{"@context":"https:\/\/schema.org","@graph":[{"@type":"WebPage","@id":"https:\/\/marianavasconcelos.pt\/product\/colar-hamsa-filigrana\/","url":"https:\/\/marianavasconcelos.pt\/product\/colar-hamsa-filigrana\/","name":"Colar Hams\u00e1 filigrana - Mariana Vasconcelos Jewellery","isPartOf":{"@id":"https:\/\/marianavasconcelos.pt\/#website"},"primaryImageOfPage":{"@id":"https:\/\/marianavasconcelos.pt\/product\/colar-hamsa-filigrana\/#primaryimage"},"image":{"@id":"https:\/\/marianavasconcelos.pt\/product\/colar-hamsa-filigrana\/#primaryimage"},"thumbnailUrl":"https:\/\/marianavasconcelos.pt\/wp-content\/uploads\/2021\/04\/colar-hamsa-corrente-diferente.jpg","datePublished":"2021-04-03T22:48:00+00:00","dateModified":"2023-02-15T22:58:31+00:00","breadcrumb":{"@id":"https:\/\/marianavasconcelos.pt\/product\/colar-hamsa-filigrana\/#breadcrumb"},"inLanguage":"es-ES","potentialAction":[{"@type":"ReadAction","target":["https:\/\/marianavasconcelos.pt\/product\/colar-hamsa-filigrana\/"]}]},{"@type":"ImageObject","inLanguage":"es-ES","@id":"https:\/\/marianavasconcelos.pt\/product\/colar-hamsa-filigrana\/#primaryimage","url":"https:\/\/marianavasconcelos.pt\/wp-content\/uploads\/2021\/04\/colar-hamsa-corrente-diferente.jpg","contentUrl":"https:\/\/marianavasconcelos.pt\/wp-content\/uploads\/2021\/04\/colar-hamsa-corrente-diferente.jpg","width":600,"height":767},{"@type":"BreadcrumbList","@id":"https:\/\/marianavasconcelos.pt\/product\/colar-hamsa-filigrana\/#breadcrumb","itemListElement":[{"@type":"ListItem","position":1,"name":"In\u00edcio","item":"https:\/\/marianavasconcelos.pt\/"},{"@type":"ListItem","position":2,"name":"Shop","item":"https:\/\/marianavasconcelos.pt\/product\/"},{"@type":"ListItem","position":3,"name":"Colar Hams\u00e1 filigrana"}]},{"@type":"WebSite","@id":"https:\/\/marianavasconcelos.pt\/#website","url":"https:\/\/marianavasconcelos.pt\/","name":"Mariana Vasconcelos Jewellery","description":"J\u00f3ias com Alma","publisher":{"@id":"https:\/\/marianavasconcelos.pt\/#organization"},"potentialAction":[{"@type":"SearchAction","target":{"@type":"EntryPoint","urlTemplate":"https:\/\/marianavasconcelos.pt\/?s={search_term_string}"},"query-input":{"@type":"PropertyValueSpecification","valueRequired":true,"valueName":"search_term_string"}}],"inLanguage":"es-ES"},{"@type":"Organization","@id":"https:\/\/marianavasconcelos.pt\/#organization","name":"Mariana Vasconcelos Jewellery","url":"https:\/\/marianavasconcelos.pt\/","logo":{"@type":"ImageObject","inLanguage":"es-ES","@id":"https:\/\/marianavasconcelos.pt\/#\/schema\/logo\/image\/","url":"https:\/\/marianavasconcelos.pt\/wp-content\/uploads\/2022\/09\/mvj.png","contentUrl":"https:\/\/marianavasconcelos.pt\/wp-content\/uploads\/2022\/09\/mvj.png","width":225,"height":225,"caption":"Mariana Vasconcelos Jewellery"},"image":{"@id":"https:\/\/marianavasconcelos.pt\/#\/schema\/logo\/image\/"},"sameAs":["https:\/\/www.facebook.com\/marianavasconcelosjoalharia\/","https:\/\/www.instagram.com\/marianavasconcelosjoalharia\/"]}]}},"_links":{"self":[{"href":"https:\/\/marianavasconcelos.pt\/es\/wp-json\/wp\/v2\/product\/3853"}],"collection":[{"href":"https:\/\/marianavasconcelos.pt\/es\/wp-json\/wp\/v2\/product"}],"about":[{"href":"https:\/\/marianavasconcelos.pt\/es\/wp-json\/wp\/v2\/types\/product"}],"replies":[{"embeddable":true,"href":"https:\/\/marianavasconcelos.pt\/es\/wp-json\/wp\/v2\/comments?post=3853"}],"wp:featuredmedia":[{"embeddable":true,"href":"https:\/\/marianavasconcelos.pt\/es\/wp-json\/wp\/v2\/media\/3856"}],"wp:attachment":[{"href":"https:\/\/marianavasconcelos.pt\/es\/wp-json\/wp\/v2\/media?parent=3853"}],"wp:term":[{"taxonomy":"product_cat","embeddable":true,"href":"https:\/\/marianavasconcelos.pt\/es\/wp-json\/wp\/v2\/product_cat?post=3853"},{"taxonomy":"product_tag","embeddable":true,"href":"https:\/\/marianavasconcelos.pt\/es\/wp-json\/wp\/v2\/product_tag?post=3853"}],"curies":[{"name":"wp","href":"https:\/\/api.w.org\/{rel}","templated":true}]}}